{"id":116,"date":"2025-08-15T09:16:09","date_gmt":"2025-08-15T09:16:09","guid":{"rendered":"https:\/\/lahigourdais.com\/?page_id=116"},"modified":"2026-01-12T20:20:19","modified_gmt":"2026-01-12T20:20:19","slug":"acces","status":"publish","type":"page","link":"https:\/\/lahigourdais.com\/?page_id=116","title":{"rendered":"ACCES"},"content":{"rendered":"\t\t<div data-elementor-type=\"wp-page\" data-elementor-id=\"116\" class=\"elementor elementor-116\" data-elementor-post-type=\"page\">\n\t\t\t\t<div class=\"elementor-element elementor-element-2f4ceb71 e-con-full e-flex e-con e-parent\" data-id=\"2f4ceb71\" data-element_type=\"container\" data-e-type=\"container\">\n\t\t\t\t<div class=\"elementor-element elementor-element-5a656ad elementor-widget elementor-widget-heading\" data-id=\"5a656ad\" data-element_type=\"widget\" data-e-type=\"widget\" data-widget_type=\"heading.default\">\n\t\t\t\t\t<h1 class=\"elementor-heading-title elementor-size-default\">Acc\u00e8s<\/h1>\t\t\t\t<\/div>\n\t\t<div class=\"elementor-element elementor-element-da7f28d e-con-full e-flex e-con e-child\" data-id=\"da7f28d\" data-element_type=\"container\" data-e-type=\"container\">\n\t\t\t\t<div class=\"elementor-element elementor-element-9f24bad elementor-widget__width-initial elementor-widget-mobile__width-inherit elementor-widget elementor-widget-text-editor\" data-id=\"9f24bad\" data-element_type=\"widget\" data-e-type=\"widget\" data-widget_type=\"text-editor.default\">\n\t\t\t\t\t\t\t\t\t<div><p>Le parc naturel de la Higourdais est situ\u00e9 en pleine campagne bretonne \u00e0 mi-chemin entre Dol-de-Bretagne et Combourg, sur la petite commune d&rsquo;Epiniac (35120). Les deux villes sont \u00e0 environ 10 minutes de voiture.<\/p><p>L&rsquo;acc\u00e8s direct n&rsquo;est pas possible en transports en communs. Les 2 gares les plus proches sont Dol-de-Bretagne et Combourg, toutes les deux desservies par TER sur la ligne Rennes-Saint-Malo.<\/p><p>La gare de Dol-de-Bretagne est desservie directement depuis Paris Montparnasse, sur la ligne directe Paris-Saint-Malo (2 \u00e0 3 trains directs par jour).<\/p><p>Les commerces les plus proches ainsi que toutes les commodit\u00e9s sont \u00e0 Combourg et Dol-de-Bretagne.<\/p><p>Pour les personnes non v\u00e9hicul\u00e9es, nous pouvons venir vous chercher \u00e0 la gare de Dol-de-Bretagne et vous faciliter les approvisionnements sur place. Merci de nous le demander \u00e0 l&rsquo;avance.<\/p><\/div>\t\t\t\t\t\t\t\t<\/div>\n\t\t\t\t<div class=\"elementor-element elementor-element-a547862 elementor-widget__width-inherit elementor-widget elementor-widget-image\" data-id=\"a547862\" data-element_type=\"widget\" data-e-type=\"widget\" data-widget_type=\"image.default\">\n\t\t\t\t\t\t\t\t\t\t\t\t\t\t\t<img fetchpriority=\"high\" decoding=\"async\" width=\"1179\" height=\"1350\" src=\"https:\/\/lahigourdais.com\/wp-content\/uploads\/2025\/08\/IMG_0190.jpeg\" class=\"attachment-2048x2048 size-2048x2048 wp-image-117\" alt=\"\" srcset=\"https:\/\/lahigourdais.com\/wp-content\/uploads\/2025\/08\/IMG_0190.jpeg 1179w, https:\/\/lahigourdais.com\/wp-content\/uploads\/2025\/08\/IMG_0190-262x300.jpeg 262w, https:\/\/lahigourdais.com\/wp-content\/uploads\/2025\/08\/IMG_0190-894x1024.jpeg 894w, https:\/\/lahigourdais.com\/wp-content\/uploads\/2025\/08\/IMG_0190-768x879.jpeg 768w\" sizes=\"(max-width: 1179px) 100vw, 1179px\" \/>\t\t\t\t\t\t\t\t\t\t\t\t\t\t\t<\/div>\n\t\t\t\t<\/div>\n\t\t\t\t<\/div>\n\t\t\t\t<\/div>\n\t\t","protected":false},"excerpt":{"rendered":"<p>Acc\u00e8s Le parc naturel de la Higourdais est situ\u00e9 en pleine campagne bretonne \u00e0 mi-chemin entre Dol-de-Bretagne et Combourg, sur la petite commune d&rsquo;Epiniac (35120). Les deux villes sont \u00e0 environ 10 minutes de voiture. L&rsquo;acc\u00e8s direct n&rsquo;est pas possible en transports en communs. Les 2 gares les plus proches sont Dol-de-Bretagne et Combourg, toutes [&hellip;]<\/p>\n","protected":false},"author":1,"featured_media":0,"parent":0,"menu_order":0,"comment_status":"closed","ping_status":"closed","template":"","meta":{"footnotes":""},"class_list":["post-116","page","type-page","status-publish","hentry"],"_links":{"self":[{"href":"https:\/\/lahigourdais.com\/index.php?rest_route=\/wp\/v2\/pages\/116","targetHints":{"allow":["GET"]}}],"collection":[{"href":"https:\/\/lahigourdais.com\/index.php?rest_route=\/wp\/v2\/pages"}],"about":[{"href":"https:\/\/lahigourdais.com\/index.php?rest_route=\/wp\/v2\/types\/page"}],"author":[{"embeddable":true,"href":"https:\/\/lahigourdais.com\/index.php?rest_route=\/wp\/v2\/users\/1"}],"replies":[{"embeddable":true,"href":"https:\/\/lahigourdais.com\/index.php?rest_route=%2Fwp%2Fv2%2Fcomments&post=116"}],"version-history":[{"count":64,"href":"https:\/\/lahigourdais.com\/index.php?rest_route=\/wp\/v2\/pages\/116\/revisions"}],"predecessor-version":[{"id":609,"href":"https:\/\/lahigourdais.com\/index.php?rest_route=\/wp\/v2\/pages\/116\/revisions\/609"}],"wp:attachment":[{"href":"https:\/\/lahigourdais.com\/index.php?rest_route=%2Fwp%2Fv2%2Fmedia&parent=116"}],"curies":[{"name":"wp","href":"https:\/\/api.w.org\/{rel}","templated":true}]}}